{"id":360,"date":"2020-01-24T05:29:34","date_gmt":"2020-01-24T05:29:34","guid":{"rendered":"http:\/\/localhost\/genmed\/?page_id=360"},"modified":"2022-04-06T17:24:36","modified_gmt":"2022-04-06T15:24:36","slug":"our-services","status":"publish","type":"page","link":"https:\/\/libraclinic.pl\/index.php\/our-services\/","title":{"rendered":"O nas"},"content":{"rendered":"<p>[vc_row el_class=&#8221;section-padding&#8221; css=&#8221;.vc_custom_1579844992745{padding-bottom: 0px !important;}&#8221;][vc_column][vc_column_text]<\/p>\n<h3><strong>KIM JESTE\u015aMY, DOK\u0104D ZMIERZAMY.<\/strong><\/h3>\n<p>[\/vc_column_text]    <div class=\"service-page\">\r\n    <div class=\"service-detail-sec bg-custom-white bx-wrapper \">\r\n                <div class=\"service-meta mb-xl-30\">\r\n            <h2 class=\"text-custom-black fw-600\"><\/h2>\r\n            <p class=\"text-light-white no-margin\"><\/p>\n<h6>Jeste\u015bmy firm\u0105 z ponad dwudziestoletnim do\u015bwiadczeniem na rynku, dzia\u0142aj\u0105c\u0105 jako sp\u00f3\u0142ka od 2020 roku. Naszym bezwzgl\u0119dnym celem jest zadowolenie pacjenta a \u015brodkiem do celu jest indywidualne podej\u015bcie, empatia i poparty wieloletni\u0105 praktyk\u0105 profesjonalizm. Nieustannie si\u0119 rozwijamy, poszerzamy wiedz\u0119 korzystaj\u0105c z najnowszych osi\u0105gni\u0119\u0107 medycyny, a jednocze\u015bnie umacniamy wypracowane latami przez specjalist\u00f3w standardy dobrej opieki medycznej.<\/h6>\n<h6>Medycyna to dziedzina nauki, kt\u00f3ra podlega nieustannemu rozwojowi, a lekarze s\u0105 jej niezb\u0119dnym ramieniem. Dlatego tylko profesjonalizmem, nieustannym g\u0142odem wiedzy i bezprzyk\u0142adnym zaanga\u017cowaniem mo\u017cna sprosta\u0107 jej wyzwaniom. Nasz Zesp\u00f3\u0142 by\u0142, jest i b\u0119dzie gotowy je podj\u0105\u0107 i realizowa\u0107 dla osi\u0105gni\u0119cia wyznaczonego celu.<\/h6>\n<p><\/p>\r\n        <\/div>\r\n    <\/div>\r\n    <\/div>\r\n    [vc_separator][\/vc_column][\/vc_row][vc_row][vc_column][\/vc_column][\/vc_row]<\/p>\n","protected":false},"excerpt":{"rendered":"<p>[vc_row el_class=&#8221;section-padding&#8221; css=&#8221;.vc_custom_1579844992745{padding-bottom: 0px !important;}&#8221;][vc_column][vc_column_text] KIM JESTE\u015aMY, DOK\u0104D ZMIERZAMY. [\/vc_column_text][vc_separator][\/vc_column][\/vc_row][vc_row][vc_column][\/vc_column][\/vc_row]<\/p>\n","protected":false},"author":1,"featured_media":0,"parent":0,"menu_order":0,"comment_status":"closed","ping_status":"closed","template":"","meta":{"footnotes":""},"class_list":["post-360","page","type-page","status-publish","hentry"],"_links":{"self":[{"href":"https:\/\/libraclinic.pl\/index.php\/wp-json\/wp\/v2\/pages\/360","targetHints":{"allow":["GET"]}}],"collection":[{"href":"https:\/\/libraclinic.pl\/index.php\/wp-json\/wp\/v2\/pages"}],"about":[{"href":"https:\/\/libraclinic.pl\/index.php\/wp-json\/wp\/v2\/types\/page"}],"author":[{"embeddable":true,"href":"https:\/\/libraclinic.pl\/index.php\/wp-json\/wp\/v2\/users\/1"}],"replies":[{"embeddable":true,"href":"https:\/\/libraclinic.pl\/index.php\/wp-json\/wp\/v2\/comments?post=360"}],"version-history":[{"count":12,"href":"https:\/\/libraclinic.pl\/index.php\/wp-json\/wp\/v2\/pages\/360\/revisions"}],"predecessor-version":[{"id":661,"href":"https:\/\/libraclinic.pl\/index.php\/wp-json\/wp\/v2\/pages\/360\/revisions\/661"}],"wp:attachment":[{"href":"https:\/\/libraclinic.pl\/index.php\/wp-json\/wp\/v2\/media?parent=360"}],"curies":[{"name":"wp","href":"https:\/\/api.w.org\/{rel}","templated":true}]}}