{"id":3,"date":"2022-03-17T08:54:35","date_gmt":"2022-03-17T08:54:35","guid":{"rendered":"http:\/\/libraclinic.pl\/?page_id=3"},"modified":"2022-03-29T10:05:59","modified_gmt":"2022-03-29T10:05:59","slug":"oferta29","status":"publish","type":"page","link":"https:\/\/libraclinic.pl\/index.php\/oferta29\/","title":{"rendered":"Oferta"},"content":{"rendered":"<p>[vc_row][vc_column][vc_separator][vc_separator][vc_column_text]<\/p>\n<h3><strong>Libra Clinic <\/strong>i<strong> Libra Medic<\/strong><\/h3>\n<p>wsp\u00f3\u0142pracuj\u0105 z wieloma szpitalami i klinikami na terenie wojew\u00f3dztw: dolno\u015bl\u0105skiego, opolskiego i wielkopolskiego. W ramach kontrakt\u00f3w realizujemy us\u0142ugi w zakresie anestezjologii, pediatrii, ortopedii, medycyny ratunkowej, rodzinnej i POZ.<br \/>\n\u015awiadczymy us\u0142ugi piel\u0119gniarskie, organizujemy wyjazdow\u0105 pomoc medyczn\u0105 w miejscu zamieszkania pacjenta oraz w gabinetach POZ.<br \/>\nNie ograniczamy si\u0119 do jednego miejsca \u015bwiadczenia pomocy, jeste\u015bmy wsz\u0119dzie tam, gdzie potrzebna jest pomoc medyczna.[\/vc_column_text][\/vc_column][\/vc_row][vc_row][vc_column][\/vc_column][\/vc_row][vc_row][vc_column][vc_column_text]<\/p>\n<h4 style=\"text-align: center;\">Wyjazdowa Pomoc Medyczna &#8211;<\/h4>\n<h4 style=\"text-align: center;\">500 z\u0142 plus koszty materia\u0142\u00f3w<\/h4>\n<p>[\/vc_column_text][\/vc_column][\/vc_row]<\/p>\n","protected":false},"excerpt":{"rendered":"<p>[vc_row][vc_column][vc_separator][vc_separator][vc_column_text] Libra Clinic i Libra Medic wsp\u00f3\u0142pracuj\u0105 z wieloma szpitalami i klinikami na terenie wojew\u00f3dztw: dolno\u015bl\u0105skiego, opolskiego i wielkopolskiego. W ramach kontrakt\u00f3w realizujemy us\u0142ugi w zakresie anestezjologii, pediatrii, ortopedii, medycyny ratunkowej, rodzinnej i POZ. \u015awiadczymy us\u0142ugi piel\u0119gniarskie, organizujemy wyjazdow\u0105 pomoc medyczn\u0105 w miejscu zamieszkania pacjenta oraz w gabinetach POZ. Nie ograniczamy si\u0119 do jednego miejsca [&hellip;]<\/p>\n","protected":false},"author":1,"featured_media":0,"parent":0,"menu_order":0,"comment_status":"closed","ping_status":"open","template":"","meta":{"footnotes":""},"class_list":["post-3","page","type-page","status-publish","hentry"],"_links":{"self":[{"href":"https:\/\/libraclinic.pl\/index.php\/wp-json\/wp\/v2\/pages\/3","targetHints":{"allow":["GET"]}}],"collection":[{"href":"https:\/\/libraclinic.pl\/index.php\/wp-json\/wp\/v2\/pages"}],"about":[{"href":"https:\/\/libraclinic.pl\/index.php\/wp-json\/wp\/v2\/types\/page"}],"author":[{"embeddable":true,"href":"https:\/\/libraclinic.pl\/index.php\/wp-json\/wp\/v2\/users\/1"}],"replies":[{"embeddable":true,"href":"https:\/\/libraclinic.pl\/index.php\/wp-json\/wp\/v2\/comments?post=3"}],"version-history":[{"count":6,"href":"https:\/\/libraclinic.pl\/index.php\/wp-json\/wp\/v2\/pages\/3\/revisions"}],"predecessor-version":[{"id":638,"href":"https:\/\/libraclinic.pl\/index.php\/wp-json\/wp\/v2\/pages\/3\/revisions\/638"}],"wp:attachment":[{"href":"https:\/\/libraclinic.pl\/index.php\/wp-json\/wp\/v2\/media?parent=3"}],"curies":[{"name":"wp","href":"https:\/\/api.w.org\/{rel}","templated":true}]}}