{"id":29,"date":"2020-01-18T08:31:10","date_gmt":"2020-01-18T08:31:10","guid":{"rendered":"http:\/\/localhost\/genmed\/?page_id=29"},"modified":"2022-04-06T09:27:41","modified_gmt":"2022-04-06T07:27:41","slug":"home","status":"publish","type":"page","link":"https:\/\/libraclinic.pl\/","title":{"rendered":"Home"},"content":{"rendered":"<p>[vc_row][vc_column]\n\t\t\t<!-- START Slider 1 REVOLUTION SLIDER 6.5.15 --><p class=\"rs-p-wp-fix\"><\/p>\n\t\t\t<rs-module-wrap id=\"rev_slider_1_1_wrapper\" data-source=\"gallery\" style=\"visibility:hidden;background:transparent;padding:0;margin:0px auto;margin-top:0;margin-bottom:0;\">\n\t\t\t\t<rs-module id=\"rev_slider_1_1\" style=\"\" data-version=\"6.5.15\">\n\t\t\t\t\t<rs-slides>\n\t\t\t\t\t\t<rs-slide style=\"position: absolute;\" data-key=\"rs-1\" data-title=\"Slide\" data-thumb=\"\/\/libraclinic.pl\/wp-content\/uploads\/2020\/01\/image61-50x100.jpg\" data-in=\"o:0;\" data-out=\"a:false;\">\n\t\t\t\t\t\t\t<img loading=\"lazy\" decoding=\"async\" src=\"\/\/libraclinic.pl\/wp-content\/plugins\/revslider\/public\/assets\/assets\/dummy.png\" alt=\"\" title=\"image61.jpg\" width=\"1920\" height=\"800\" class=\"rev-slidebg tp-rs-img rs-lazyload\" data-lazyload=\"\/\/libraclinic.pl\/wp-content\/uploads\/2020\/01\/image61.jpg\" data-bg=\"p:right center;\" data-panzoom=\"d:10000;ss:100;se:120%;\" data-no-retina>\n<!--\t\t\t\t\t\t--><rs-zone id=\"rrzm_1\" class=\"rev_row_zone_middle\" style=\"z-index: 24;\"><!--\n\n\t\t\t\t\t\t\t\t--><rs-row\n\t\t\t\t\t\t\t\t\tid=\"slider-1-slide-1-layer-17\" \n\t\t\t\t\t\t\t\t\tdata-type=\"row\"\n\t\t\t\t\t\t\t\t\tdata-xy=\"xo:50px;yo:50px;\"\n\t\t\t\t\t\t\t\t\tdata-cbreak=\"1\"\n\t\t\t\t\t\t\t\t\tdata-rsp_bd=\"off\"\n\t\t\t\t\t\t\t\t\tdata-margin=\"t:0,100,175,175;\"\n\t\t\t\t\t\t\t\t\tdata-padding=\"t:10;r:10;b:10;l:10,10,0,0;\"\n\t\t\t\t\t\t\t\t\tdata-frame_0=\"o:1;\"\n\t\t\t\t\t\t\t\t\tdata-frame_999=\"o:0;st:w;sA:9000;\"\n\t\t\t\t\t\t\t\t\tstyle=\"z-index:1;\"\n\t\t\t\t\t\t\t\t><!--\n\t\t\t\t\t\t\t\t\t--><rs-column\n\t\t\t\t\t\t\t\t\t\tid=\"slider-1-slide-1-layer-18\" \n\t\t\t\t\t\t\t\t\t\tdata-type=\"column\"\n\t\t\t\t\t\t\t\t\t\tdata-xy=\"xo:50px;yo:50px;\"\n\t\t\t\t\t\t\t\t\t\tdata-rsp_bd=\"off\"\n\t\t\t\t\t\t\t\t\t\tdata-column=\"w:100%;\"\n\t\t\t\t\t\t\t\t\t\tdata-padding=\"t:10;r:10;b:10;l:10;\"\n\t\t\t\t\t\t\t\t\t\tdata-frame_0=\"o:1;\"\n\t\t\t\t\t\t\t\t\t\tdata-frame_999=\"o:0;st:w;sA:9000;\"\n\t\t\t\t\t\t\t\t\t\tstyle=\"z-index:2;width:100%;\"\n\t\t\t\t\t\t\t\t\t><!--\n\t\t\t\t\t\t\t\t\t\t--><rs-layer\n\t\t\t\t\t\t\t\t\t\t\tid=\"slider-1-slide-1-layer-0\" \n\t\t\t\t\t\t\t\t\t\t\tdata-type=\"text\"\n\t\t\t\t\t\t\t\t\t\t\tdata-rsp_ch=\"on\"\n\t\t\t\t\t\t\t\t\t\t\tdata-xy=\"xo:0,0,44px,35px;yo:0,0,241px,200px;\"\n\t\t\t\t\t\t\t\t\t\t\tdata-text=\"w:normal;s:59,37,49,31;l:76,48,59,39;fw:700;\"\n\t\t\t\t\t\t\t\t\t\t\tdata-dim=\"w:794px,auto,auto,329px;\"\n\t\t\t\t\t\t\t\t\t\t\tdata-margin=\"b:0,20,19,10;\"\n\t\t\t\t\t\t\t\t\t\t\tdata-frame_999=\"o:0;st:w;\"\n\t\t\t\t\t\t\t\t\t\t\tstyle=\"z-index:3;font-family:'Roboto';\"\n\t\t\t\t\t\t\t\t\t\t> \n\t\t\t\t\t\t\t\t\t\t<\/rs-layer><!--\n\t\t\t\t\t\t\t\t\t--><\/rs-column><!--\n\t\t\t\t\t\t\t\t--><\/rs-row><!--\n\n\t\t\t\t\t\t\t\t--><rs-row\n\t\t\t\t\t\t\t\t\tid=\"slider-1-slide-1-layer-21\" \n\t\t\t\t\t\t\t\t\tdata-type=\"row\"\n\t\t\t\t\t\t\t\t\tdata-xy=\"xo:50px;yo:271px;\"\n\t\t\t\t\t\t\t\t\tdata-cbreak=\"3\"\n\t\t\t\t\t\t\t\t\tdata-rsp_bd=\"off\"\n\t\t\t\t\t\t\t\t\tdata-padding=\"t:10;r:10;b:10;l:10,10,0,0;\"\n\t\t\t\t\t\t\t\t\tdata-frame_0=\"o:1;\"\n\t\t\t\t\t\t\t\t\tdata-frame_999=\"o:0;st:w;sA:9000;\"\n\t\t\t\t\t\t\t\t\tstyle=\"z-index:5;\"\n\t\t\t\t\t\t\t\t><!--\n\t\t\t\t\t\t\t\t\t--><rs-column\n\t\t\t\t\t\t\t\t\t\tid=\"slider-1-slide-1-layer-22\" \n\t\t\t\t\t\t\t\t\t\tdata-type=\"column\"\n\t\t\t\t\t\t\t\t\t\tdata-xy=\"xo:50px;yo:271px;\"\n\t\t\t\t\t\t\t\t\t\tdata-rsp_bd=\"off\"\n\t\t\t\t\t\t\t\t\t\tdata-column=\"w:100%;\"\n\t\t\t\t\t\t\t\t\t\tdata-margin=\"b:0,20,0,0;\"\n\t\t\t\t\t\t\t\t\t\tdata-padding=\"t:10;r:10;b:10;l:10;\"\n\t\t\t\t\t\t\t\t\t\tdata-frame_0=\"o:1;\"\n\t\t\t\t\t\t\t\t\t\tdata-frame_999=\"o:0;st:w;sA:9000;\"\n\t\t\t\t\t\t\t\t\t\tstyle=\"z-index:6;width:100%;\"\n\t\t\t\t\t\t\t\t\t><!--\n\t\t\t\t\t\t\t\t\t\t--><rs-layer\n\t\t\t\t\t\t\t\t\t\t\tid=\"slider-1-slide-1-layer-5\" \n\t\t\t\t\t\t\t\t\t\t\tdata-type=\"text\"\n\t\t\t\t\t\t\t\t\t\t\tdata-rsp_ch=\"on\"\n\t\t\t\t\t\t\t\t\t\t\tdata-xy=\"xo:0,60px,45px,35px;y:m;yo:0,20px,27px,18px;\"\n\t\t\t\t\t\t\t\t\t\t\tdata-text=\"w:normal;s:20,16,18,16;l:32,24,23,24;\"\n\t\t\t\t\t\t\t\t\t\t\tdata-dim=\"w:664px,519px,513px,381px;\"\n\t\t\t\t\t\t\t\t\t\t\tdata-frame_999=\"o:0;st:w;\"\n\t\t\t\t\t\t\t\t\t\t\tstyle=\"z-index:7;font-family:'Roboto';\"\n\t\t\t\t\t\t\t\t\t\t> \n\t\t\t\t\t\t\t\t\t\t<\/rs-layer><!--\n\t\t\t\t\t\t\t\t\t--><\/rs-column><!--\n\t\t\t\t\t\t\t\t--><\/rs-row><!--\n\t\t\t\t\t\t\t--><\/rs-zone><!--\n\n\t\t\t\t\t\t\t--><rs-layer\n\t\t\t\t\t\t\t\tid=\"slider-1-slide-1-layer-1\" \n\t\t\t\t\t\t\t\tdata-type=\"text\"\n\t\t\t\t\t\t\t\tdata-rsp_ch=\"on\"\n\t\t\t\t\t\t\t\tdata-xy=\"xo:24px,139px,89px,90px;y:m;yo:-226px,-214px,-258px,-274px;\"\n\t\t\t\t\t\t\t\tdata-text=\"w:normal;s:18,11,14,14;l:24,15,14,18;fw:700;\"\n\t\t\t\t\t\t\t\tdata-dim=\"w:236px,151px,194px,239px;\"\n\t\t\t\t\t\t\t\tdata-vbility=\"t,f,f,f\"\n\t\t\t\t\t\t\t\tdata-frame_999=\"o:0;st:w;\"\n\t\t\t\t\t\t\t\tstyle=\"z-index:26;font-family:'Roboto';\"\n\t\t\t\t\t\t\t><i class=\"fa-heart\"><\/i> Witamy w Libra Clinic \n\t\t\t\t\t\t\t<\/rs-layer><!--\n\n\t\t\t\t\t\t\t--><rs-layer\n\t\t\t\t\t\t\t\tid=\"slider-1-slide-1-layer-6\" \n\t\t\t\t\t\t\t\tdata-type=\"shape\"\n\t\t\t\t\t\t\t\tdata-rsp_ch=\"on\"\n\t\t\t\t\t\t\t\tdata-text=\"w:normal;s:20,12,11,5;l:0,16,15,7;\"\n\t\t\t\t\t\t\t\tdata-dim=\"w:100%;h:100%;\"\n\t\t\t\t\t\t\t\tdata-basealign=\"slide\"\n\t\t\t\t\t\t\t\tdata-frame_999=\"o:0;st:w;\"\n\t\t\t\t\t\t\t\tstyle=\"z-index:22;background-color:rgba(2,0,35,0.31);\"\n\t\t\t\t\t\t\t> \n\t\t\t\t\t\t\t<\/rs-layer><!--\n-->\t\t\t\t\t\t<\/rs-slide>\n\t\t\t\t\t\t<rs-slide style=\"position: absolute;\" data-key=\"rs-2\" data-title=\"Slide\" data-thumb=\"\/\/libraclinic.pl\/wp-content\/uploads\/2020\/01\/banner4-50x100.jpg\" data-in=\"o:0;\" data-out=\"a:false;\">\n\t\t\t\t\t\t\t<img loading=\"lazy\" decoding=\"async\" src=\"\/\/libraclinic.pl\/wp-content\/plugins\/revslider\/public\/assets\/assets\/dummy.png\" alt=\"\" title=\"banner4\" width=\"1920\" height=\"500\" class=\"rev-slidebg tp-rs-img rs-lazyload\" data-lazyload=\"\/\/libraclinic.pl\/wp-content\/uploads\/2020\/01\/banner4.jpg\" data-panzoom=\"d:10000;ss:100;se:120%;\" data-no-retina>\n<!--\t\t\t\t\t\t--><rs-zone id=\"rrzm_2\" class=\"rev_row_zone_middle\" style=\"z-index: 22;\"><!--\n\n\t\t\t\t\t\t\t\t--><rs-row\n\t\t\t\t\t\t\t\t\tid=\"slider-1-slide-2-layer-25\" \n\t\t\t\t\t\t\t\t\tdata-type=\"row\"\n\t\t\t\t\t\t\t\t\tdata-xy=\"xo:50px;yo:50px;\"\n\t\t\t\t\t\t\t\t\tdata-cbreak=\"1\"\n\t\t\t\t\t\t\t\t\tdata-rsp_bd=\"off\"\n\t\t\t\t\t\t\t\t\tdata-margin=\"t:0,100,175,175;\"\n\t\t\t\t\t\t\t\t\tdata-padding=\"t:10;r:10;b:10;l:10,10,0,0;\"\n\t\t\t\t\t\t\t\t\tdata-frame_0=\"o:1;\"\n\t\t\t\t\t\t\t\t\tdata-frame_999=\"o:0;st:w;sA:9000;\"\n\t\t\t\t\t\t\t\t\tstyle=\"z-index:1;\"\n\t\t\t\t\t\t\t\t><!--\n\t\t\t\t\t\t\t\t\t--><rs-column\n\t\t\t\t\t\t\t\t\t\tid=\"slider-1-slide-2-layer-26\" \n\t\t\t\t\t\t\t\t\t\tdata-type=\"column\"\n\t\t\t\t\t\t\t\t\t\tdata-xy=\"xo:50px;yo:50px;\"\n\t\t\t\t\t\t\t\t\t\tdata-rsp_bd=\"off\"\n\t\t\t\t\t\t\t\t\t\tdata-column=\"w:100%;\"\n\t\t\t\t\t\t\t\t\t\tdata-padding=\"t:10;r:10;b:10;l:10;\"\n\t\t\t\t\t\t\t\t\t\tdata-frame_0=\"o:1;\"\n\t\t\t\t\t\t\t\t\t\tdata-frame_999=\"o:0;st:w;sA:9000;\"\n\t\t\t\t\t\t\t\t\t\tstyle=\"z-index:2;width:100%;\"\n\t\t\t\t\t\t\t\t\t><!--\n\t\t\t\t\t\t\t\t\t\t--><rs-layer\n\t\t\t\t\t\t\t\t\t\t\tid=\"slider-1-slide-2-layer-27\" \n\t\t\t\t\t\t\t\t\t\t\tdata-type=\"text\"\n\t\t\t\t\t\t\t\t\t\t\tdata-rsp_ch=\"on\"\n\t\t\t\t\t\t\t\t\t\t\tdata-xy=\"xo:0,0,44px,35px;yo:0,0,241px,200px;\"\n\t\t\t\t\t\t\t\t\t\t\tdata-text=\"w:normal;s:59,37,49,31;l:76,48,59,39;fw:700;\"\n\t\t\t\t\t\t\t\t\t\t\tdata-dim=\"w:785px,auto,auto,329px;\"\n\t\t\t\t\t\t\t\t\t\t\tdata-margin=\"b:0,20,19,10;\"\n\t\t\t\t\t\t\t\t\t\t\tdata-frame_999=\"o:0;st:w;\"\n\t\t\t\t\t\t\t\t\t\t\tstyle=\"z-index:3;font-family:'Roboto';\"\n\t\t\t\t\t\t\t\t\t\t> \n\t\t\t\t\t\t\t\t\t\t<\/rs-layer><!--\n\t\t\t\t\t\t\t\t\t--><\/rs-column><!--\n\t\t\t\t\t\t\t\t--><\/rs-row><!--\n\n\t\t\t\t\t\t\t\t--><rs-row\n\t\t\t\t\t\t\t\t\tid=\"slider-1-slide-2-layer-28\" \n\t\t\t\t\t\t\t\t\tdata-type=\"row\"\n\t\t\t\t\t\t\t\t\tdata-xy=\"xo:50px;yo:271px;\"\n\t\t\t\t\t\t\t\t\tdata-cbreak=\"3\"\n\t\t\t\t\t\t\t\t\tdata-rsp_bd=\"off\"\n\t\t\t\t\t\t\t\t\tdata-padding=\"t:10;r:10;b:10;l:10,10,0,0;\"\n\t\t\t\t\t\t\t\t\tdata-frame_0=\"o:1;\"\n\t\t\t\t\t\t\t\t\tdata-frame_999=\"o:0;st:w;sA:9000;\"\n\t\t\t\t\t\t\t\t\tstyle=\"z-index:4;\"\n\t\t\t\t\t\t\t\t><!--\n\t\t\t\t\t\t\t\t\t--><rs-column\n\t\t\t\t\t\t\t\t\t\tid=\"slider-1-slide-2-layer-36\" \n\t\t\t\t\t\t\t\t\t\tdata-type=\"column\"\n\t\t\t\t\t\t\t\t\t\tdata-xy=\"xo:50px;yo:271px;\"\n\t\t\t\t\t\t\t\t\t\tdata-rsp_bd=\"off\"\n\t\t\t\t\t\t\t\t\t\tdata-column=\"w:100%;\"\n\t\t\t\t\t\t\t\t\t\tdata-margin=\"b:0,20,0,0;\"\n\t\t\t\t\t\t\t\t\t\tdata-padding=\"t:10;r:10;b:10;l:10;\"\n\t\t\t\t\t\t\t\t\t\tdata-frame_0=\"o:1;\"\n\t\t\t\t\t\t\t\t\t\tdata-frame_999=\"o:0;st:w;sA:9000;\"\n\t\t\t\t\t\t\t\t\t\tstyle=\"z-index:5;width:100%;\"\n\t\t\t\t\t\t\t\t\t><!--\n\t\t\t\t\t\t\t\t\t\t--><rs-layer\n\t\t\t\t\t\t\t\t\t\t\tid=\"slider-1-slide-2-layer-37\" \n\t\t\t\t\t\t\t\t\t\t\tdata-type=\"text\"\n\t\t\t\t\t\t\t\t\t\t\tdata-rsp_ch=\"on\"\n\t\t\t\t\t\t\t\t\t\t\tdata-xy=\"xo:0,60px,45px,35px;y:m;yo:0,20px,27px,18px;\"\n\t\t\t\t\t\t\t\t\t\t\tdata-text=\"w:normal;s:20,16,18,16;l:32,24,23,24;\"\n\t\t\t\t\t\t\t\t\t\t\tdata-dim=\"w:664px,519px,513px,381px;\"\n\t\t\t\t\t\t\t\t\t\t\tdata-frame_999=\"o:0;st:w;\"\n\t\t\t\t\t\t\t\t\t\t\tstyle=\"z-index:6;font-family:'Roboto';\"\n\t\t\t\t\t\t\t\t\t\t> \n\t\t\t\t\t\t\t\t\t\t<\/rs-layer><!--\n\t\t\t\t\t\t\t\t\t--><\/rs-column><!--\n\t\t\t\t\t\t\t\t--><\/rs-row><!--\n\t\t\t\t\t\t\t--><\/rs-zone><!--\n\n\t\t\t\t\t\t\t--><rs-layer\n\t\t\t\t\t\t\t\tid=\"slider-1-slide-2-layer-23\" \n\t\t\t\t\t\t\t\tdata-type=\"text\"\n\t\t\t\t\t\t\t\tdata-rsp_ch=\"on\"\n\t\t\t\t\t\t\t\tdata-xy=\"xo:24px,139px,89px,90px;y:m;yo:-226px,-214px,-258px,-274px;\"\n\t\t\t\t\t\t\t\tdata-text=\"w:normal;s:18,11,14,14;l:24,15,14,18;fw:700;\"\n\t\t\t\t\t\t\t\tdata-dim=\"w:236px,151px,194px,239px;\"\n\t\t\t\t\t\t\t\tdata-vbility=\"t,f,f,f\"\n\t\t\t\t\t\t\t\tdata-frame_999=\"o:0;st:w;\"\n\t\t\t\t\t\t\t\tstyle=\"z-index:24;font-family:'Roboto';\"\n\t\t\t\t\t\t\t><i class=\"fa-heart\"><\/i> Witamy w Libra Clinic \n\t\t\t\t\t\t\t<\/rs-layer><!--\n\n\t\t\t\t\t\t\t--><rs-layer\n\t\t\t\t\t\t\t\tid=\"slider-1-slide-2-layer-47\" \n\t\t\t\t\t\t\t\tdata-type=\"shape\"\n\t\t\t\t\t\t\t\tdata-rsp_ch=\"on\"\n\t\t\t\t\t\t\t\tdata-text=\"w:normal;s:20,12,11,5;l:0,16,15,7;\"\n\t\t\t\t\t\t\t\tdata-dim=\"w:100%;h:100%;\"\n\t\t\t\t\t\t\t\tdata-basealign=\"slide\"\n\t\t\t\t\t\t\t\tdata-frame_999=\"o:0;st:w;\"\n\t\t\t\t\t\t\t\tstyle=\"z-index:20;background-color:rgba(0,0,0,0.22);\"\n\t\t\t\t\t\t\t> \n\t\t\t\t\t\t\t<\/rs-layer><!--\n-->\t\t\t\t\t\t<\/rs-slide>\n\t\t\t\t\t<\/rs-slides>\n\t\t\t\t<\/rs-module>\n\t\t\t\t<script>\n\t\t\t\t\tsetREVStartSize({c: 'rev_slider_1_1',rl:[1240,1024,778,480],el:[850,768,850,694],gw:[1170,750,720,380],gh:[850,768,850,600],type:'standard',justify:'',layout:'fullwidth',mh:\"0\"});if (window.RS_MODULES!==undefined && window.RS_MODULES.modules!==undefined && window.RS_MODULES.modules[\"revslider11\"]!==undefined) {window.RS_MODULES.modules[\"revslider11\"].once = false;window.revapi1 = undefined;if (window.RS_MODULES.checkMinimal!==undefined) window.RS_MODULES.checkMinimal()}\n\t\t\t\t<\/script>\n\t\t\t<\/rs-module-wrap>\n\t\t\t<!-- END REVOLUTION SLIDER -->\n[\/vc_column][\/vc_row][vc_row el_class=&#8221;section-padding&#8221; css=&#8221;.vc_custom_1579503902492{padding-bottom: 0px !important;background-position: 0 0 !important;background-repeat: no-repeat !important;}&#8221;][vc_column css=&#8221;.vc_custom_1580195207626{padding-top: 0px !important;}&#8221;]            <div class=\"about-sec \">\n            <div class=\"row justify-content-between\">\n                <div class=\"col-xl-6 col-lg-6\">\n                    <div class=\"section-header\">\n                        <div class=\"section-heading\">\n                            <h3 class=\"text-custom-black fw-700\">Libra Clinic<\/h3>\n                                                            <img decoding=\"async\" src=\"https:\/\/libraclinic.pl\/wp-content\/uploads\/2020\/01\/title-icon.png\" class=\"mb-xl-20\"\n                                     alt=\"img\">\n                                                        <div class=\"section-description\">\n                                <p class=\"text-light-white\">\n                                                                    <\/p>\n                            <\/div>\n                        <\/div>\n                    <\/div>\n                    <div class=\"about-wrapper mb-xl-80\" style='background:url(https:\/\/libraclinic.pl\/wp-content\/uploads\/2020\/01\/doctor-bg.png) no-repeat center center;'>\n                        <p>&nbsp;<\/p>\n<p style=\"font-weight: 400;\">Podejmiemy wsp\u00f3\u0142prac\u0119 z lekarzami r\u00f3\u017cnych specjalno\u015bci: anestezjologii, pediatrii, chirurgii, medycyny rodzinnej, ortopedii itd.<\/p>\n<p style=\"font-weight: 400;\">Zapraszamy do kontaktu po adresem:\u00a0<a href=\"mailto:umowa@libraclinic.pl\">umowa@libraclinic.pl<\/a><\/p>\n<p><\/p>\n                        <div class=\"signature mb-xl-40\">\n                                                                                <\/div>\n                        <a href=\"https:\/\/libraclinic.pl\"\n                           class=\"btn-first btn-submit text-light-blue\"><\/a>\n                    <\/div>\n                <\/div>\n                <div class=\"col-xl-6 col-lg-6 align-self-end\">\n                                            <div class=\"doctor-img\">\n                            <img decoding=\"async\" src=\"https:\/\/libraclinic.pl\/wp-content\/uploads\/2020\/01\/doctors-1.jpg\"\n                                 class=\"img-fluid image-fit\"\n                                 alt=\"doctor\">\n                        <\/div>\n                                    <\/div>\n            <\/div>\n        <\/div>\n    [\/vc_column][\/vc_row][vc_row el_class=&#8221;section-padding&#8221;][vc_column]            <div class=\"section-header \">\r\n            <div class=\"section-heading text-left\">\r\n                <h3 class=\"text-custom-black fw-700\"\r\n                    >Nasze Specjalizacje<\/h3>\r\n                                    <img decoding=\"async\" src=\"https:\/\/libraclinic.pl\/wp-content\/uploads\/2020\/01\/title-icon.png\" class=\"mb-xl-20\" alt=\"img\">\r\n                                <div class=\"section-description\">\r\n                    <p class=\"text-light-white\"\r\n                       >\r\n                                            <\/p>\r\n                <\/div>\r\n            <\/div>\r\n                    <\/div>\r\n        [vc_row_inner][vc_column_inner width=&#8221;1\/2&#8243; offset=&#8221;vc_col-lg-3 vc_col-md-6&#8243;]            <div class=\"main-services \">\r\n            <div class=\"main-services-box p-relative mb-xl-30\">\r\n                <div class=\"main-service-wrapper padding-20\">\r\n                    <div class=\"icon-box\">\r\n                        <i class=\"flaticon-doctor\"><\/i>\r\n                    <\/div>\r\n                    <h5 class=\"fw-700\"><a href=\"\"\r\n                                          class=\"text-custom-black\">Anestezjologia<\/a>\r\n                    <\/h5>\r\n                    <p class=\"text-light-white no-margin\"><\/p>\r\n                <\/div>\r\n            <\/div>\r\n        <\/div>\r\n    [\/vc_column_inner][vc_column_inner width=&#8221;1\/2&#8243; offset=&#8221;vc_col-lg-3 vc_col-md-6&#8243;]            <div class=\"main-services \">\r\n            <div class=\"main-services-box p-relative mb-xl-30\">\r\n                <div class=\"main-service-wrapper padding-20\">\r\n                    <div class=\"icon-box\">\r\n                        <i class=\"flaticon-vision\"><\/i>\r\n                    <\/div>\r\n                    <h5 class=\"fw-700\"><a href=\"\"\r\n                                          class=\"text-custom-black\">Intensywna terapia<\/a>\r\n                    <\/h5>\r\n                    <p class=\"text-light-white no-margin\"><\/p>\r\n                <\/div>\r\n            <\/div>\r\n        <\/div>\r\n    [\/vc_column_inner][vc_column_inner width=&#8221;1\/2&#8243; offset=&#8221;vc_col-lg-3 vc_col-md-6&#8243;]            <div class=\"main-services \">\r\n            <div class=\"main-services-box p-relative mb-xl-30\">\r\n                <div class=\"main-service-wrapper padding-20\">\r\n                    <div class=\"icon-box\">\r\n                        <i class=\"flaticon-medical\"><\/i>\r\n                    <\/div>\r\n                    <h5 class=\"fw-700\"><a href=\"\"\r\n                                          class=\"text-custom-black\">Pediatria<\/a>\r\n                    <\/h5>\r\n                    <p class=\"text-light-white no-margin\"><\/p>\r\n                <\/div>\r\n            <\/div>\r\n        <\/div>\r\n    [\/vc_column_inner][vc_column_inner width=&#8221;1\/2&#8243; offset=&#8221;vc_col-lg-3 vc_col-md-6&#8243;]            <div class=\"main-services \">\r\n            <div class=\"main-services-box p-relative mb-xl-30\">\r\n                <div class=\"main-service-wrapper padding-20\">\r\n                    <div class=\"icon-box\">\r\n                        <i class=\"flaticon-stethoscope-2\"><\/i>\r\n                    <\/div>\r\n                    <h5 class=\"fw-700\"><a href=\"\"\r\n                                          class=\"text-custom-black\">Medycyna rodzinna<\/a>\r\n                    <\/h5>\r\n                    <p class=\"text-light-white no-margin\"><\/p>\r\n                <\/div>\r\n            <\/div>\r\n        <\/div>\r\n    [\/vc_column_inner][\/vc_row_inner][vc_row_inner][vc_column_inner width=&#8221;1\/2&#8243; offset=&#8221;vc_col-lg-3 vc_col-md-6&#8243;]            <div class=\"main-services \">\r\n            <div class=\"main-services-box p-relative mb-xl-30\">\r\n                <div class=\"main-service-wrapper padding-20\">\r\n                    <div class=\"icon-box\">\r\n                        <i class=\"flaticon-broken-leg\"><\/i>\r\n                    <\/div>\r\n                    <h5 class=\"fw-700\"><a href=\"\"\r\n                                          class=\"text-custom-black\">Ortopedia<\/a>\r\n                    <\/h5>\r\n                    <p class=\"text-light-white no-margin\"><\/p>\r\n                <\/div>\r\n            <\/div>\r\n        <\/div>\r\n    [\/vc_column_inner][vc_column_inner width=&#8221;1\/2&#8243; offset=&#8221;vc_col-lg-3 vc_col-md-6&#8243;]            <div class=\"main-services \">\r\n            <div class=\"main-services-box p-relative mb-xl-30\">\r\n                <div class=\"main-service-wrapper padding-20\">\r\n                    <div class=\"icon-box\">\r\n                        <i class=\"flaticon-heart-beat\"><\/i>\r\n                    <\/div>\r\n                    <h5 class=\"fw-700\"><a href=\"\"\r\n                                          class=\"text-custom-black\">Kardiologia<\/a>\r\n                    <\/h5>\r\n                    <p class=\"text-light-white no-margin\"><\/p>\r\n                <\/div>\r\n            <\/div>\r\n        <\/div>\r\n    [\/vc_column_inner][vc_column_inner width=&#8221;1\/2&#8243; offset=&#8221;vc_col-lg-3 vc_col-md-6&#8243;]            <div class=\"main-services \">\r\n            <div class=\"main-services-box p-relative mb-xl-30\">\r\n                <div class=\"main-service-wrapper padding-20\">\r\n                    <div class=\"icon-box\">\r\n                        <i class=\"flaticon-knives\"><\/i>\r\n                    <\/div>\r\n                    <h5 class=\"fw-700\"><a href=\"\"\r\n                                          class=\"text-custom-black\">Chirurgia<\/a>\r\n                    <\/h5>\r\n                    <p class=\"text-light-white no-margin\"><\/p>\r\n                <\/div>\r\n            <\/div>\r\n        <\/div>\r\n    [\/vc_column_inner][vc_column_inner width=&#8221;1\/2&#8243; offset=&#8221;vc_col-lg-3 vc_col-md-6&#8243;]            <div class=\"main-services \">\r\n            <div class=\"main-services-box p-relative mb-xl-30\">\r\n                <div class=\"main-service-wrapper padding-20\">\r\n                    <div class=\"icon-box\">\r\n                        <i class=\"flaticon-testing-glasses\"><\/i>\r\n                    <\/div>\r\n                    <h5 class=\"fw-700\"><a href=\"\"\r\n                                          class=\"text-custom-black\">Okulistyka<\/a>\r\n                    <\/h5>\r\n                    <p class=\"text-light-white no-margin\"><\/p>\r\n                <\/div>\r\n            <\/div>\r\n        <\/div>\r\n    [\/vc_column_inner][\/vc_row_inner][\/vc_column][\/vc_row]<\/p>\n","protected":false},"excerpt":{"rendered":"<p>[vc_row][vc_column][\/vc_column][\/vc_row][vc_row el_class=&#8221;section-padding&#8221; css=&#8221;.vc_custom_1579503902492{padding-bottom: 0px !important;background-position: 0 0 !important;background-repeat: no-repeat !important;}&#8221;][vc_column css=&#8221;.vc_custom_1580195207626{padding-top: 0px !important;}&#8221;][\/vc_column][\/vc_row][vc_row el_class=&#8221;section-padding&#8221;][vc_column][vc_row_inner][vc_column_inner width=&#8221;1\/2&#8243; offset=&#8221;vc_col-lg-3 vc_col-md-6&#8243;][\/vc_column_inner][vc_column_inner width=&#8221;1\/2&#8243; offset=&#8221;vc_col-lg-3 vc_col-md-6&#8243;][\/vc_column_inner][vc_column_inner width=&#8221;1\/2&#8243; offset=&#8221;vc_col-lg-3 vc_col-md-6&#8243;][\/vc_column_inner][vc_column_inner width=&#8221;1\/2&#8243; offset=&#8221;vc_col-lg-3 vc_col-md-6&#8243;][\/vc_column_inner][\/vc_row_inner][vc_row_inner][vc_column_inner width=&#8221;1\/2&#8243; offset=&#8221;vc_col-lg-3 vc_col-md-6&#8243;][\/vc_column_inner][vc_column_inner width=&#8221;1\/2&#8243; offset=&#8221;vc_col-lg-3 vc_col-md-6&#8243;][\/vc_column_inner][vc_column_inner width=&#8221;1\/2&#8243; offset=&#8221;vc_col-lg-3 vc_col-md-6&#8243;][\/vc_column_inner][vc_column_inner width=&#8221;1\/2&#8243; offset=&#8221;vc_col-lg-3 vc_col-md-6&#8243;][\/vc_column_inner][\/vc_row_inner][\/vc_column][\/vc_row]<\/p>\n","protected":false},"author":1,"featured_media":0,"parent":0,"menu_order":0,"comment_status":"closed","ping_status":"closed","template":"","meta":{"footnotes":""},"class_list":["post-29","page","type-page","status-publish","hentry"],"_links":{"self":[{"href":"https:\/\/libraclinic.pl\/index.php\/wp-json\/wp\/v2\/pages\/29","targetHints":{"allow":["GET"]}}],"collection":[{"href":"https:\/\/libraclinic.pl\/index.php\/wp-json\/wp\/v2\/pages"}],"about":[{"href":"https:\/\/libraclinic.pl\/index.php\/wp-json\/wp\/v2\/types\/page"}],"author":[{"embeddable":true,"href":"https:\/\/libraclinic.pl\/index.php\/wp-json\/wp\/v2\/users\/1"}],"replies":[{"embeddable":true,"href":"https:\/\/libraclinic.pl\/index.php\/wp-json\/wp\/v2\/comments?post=29"}],"version-history":[{"count":17,"href":"https:\/\/libraclinic.pl\/index.php\/wp-json\/wp\/v2\/pages\/29\/revisions"}],"predecessor-version":[{"id":656,"href":"https:\/\/libraclinic.pl\/index.php\/wp-json\/wp\/v2\/pages\/29\/revisions\/656"}],"wp:attachment":[{"href":"https:\/\/libraclinic.pl\/index.php\/wp-json\/wp\/v2\/media?parent=29"}],"curies":[{"name":"wp","href":"https:\/\/api.w.org\/{rel}","templated":true}]}}