{"id":2,"date":"2022-03-17T08:54:35","date_gmt":"2022-03-17T08:54:35","guid":{"rendered":"http:\/\/libraclinic.pl\/?page_id=2"},"modified":"2022-03-29T10:39:10","modified_gmt":"2022-03-29T10:39:10","slug":"zespol","status":"publish","type":"page","link":"https:\/\/libraclinic.pl\/index.php\/zespol\/","title":{"rendered":"Zesp\u00f3\u0142"},"content":{"rendered":"<p>[vc_row][vc_column][vc_separator][vc_column_text]Libra Clinic zatrudnia i wsp\u00f3\u0142pracuje ze specjalistami wielu dziedzin medycyny. Nasi lekarze s\u0105 profesjonalistami, nieustannie dokszta\u0142caj\u0105cymi w ramach obowi\u0105zkowych oraz dodatkowych szkole\u0144. Otaczamy opiek\u0105 pacjent\u00f3w w ramach us\u0142ug POZ, doje\u017cd\u017camy do najbardziej potrzebuj\u0105cych, pilnujemy w ramach opieki szpitalnej, podczas czynno\u015bci zabiegowych i operacyjnych, aby parametry \u017cyciowe chorych znajdowa\u0142y si\u0119 na w\u0142a\u015bciwym poziomie. Nie zapominamy r\u00f3wnie\u017c o najm\u0142odszych, kt\u00f3rych w ramach us\u0142ug pediatrycznych otaczamy opiek\u0105 zar\u00f3wno medyczn\u0105, jaki i duchow\u0105. Nasze piel\u0119gniarki czuwaj\u0105 nad ka\u017cdym aspektem pobytu pacjenta w plac\u00f3wce i pomagaj\u0105 czu\u0107\u00a0si\u0119 komfortowo. Anestezjolodzy, pediatrzy,\u00a0ortopedzi, nefrolodzy, specjali\u015bci\u00a0medycyny rodzinnej, piel\u0119gniarki anestezjologiczne rodzinne i POZ oraz lekarze innych specjalno\u015bci nieustannie nios\u0105 pomoc i opiek\u0119 tym, kt\u00f3rzy jej potrzebuj\u0105.[\/vc_column_text][\/vc_column][\/vc_row][vc_row][vc_column][\/vc_column][\/vc_row][vc_row][vc_column][vc_single_image image=&#8221;455&#8243; img_size=&#8221;800&#215;400&#8243; alignment=&#8221;center&#8221; style=&#8221;vc_box_border&#8221;][\/vc_column][\/vc_row]<\/p>\n","protected":false},"excerpt":{"rendered":"<p>[vc_row][vc_column][vc_separator][vc_column_text]Libra Clinic zatrudnia i wsp\u00f3\u0142pracuje ze specjalistami wielu dziedzin medycyny. Nasi lekarze s\u0105 profesjonalistami, nieustannie dokszta\u0142caj\u0105cymi w ramach obowi\u0105zkowych oraz dodatkowych szkole\u0144. Otaczamy opiek\u0105 pacjent\u00f3w w ramach us\u0142ug POZ, doje\u017cd\u017camy do najbardziej potrzebuj\u0105cych, pilnujemy w ramach opieki szpitalnej, podczas czynno\u015bci zabiegowych i operacyjnych, aby parametry \u017cyciowe chorych znajdowa\u0142y si\u0119 na w\u0142a\u015bciwym poziomie. Nie zapominamy r\u00f3wnie\u017c [&hellip;]<\/p>\n","protected":false},"author":1,"featured_media":0,"parent":0,"menu_order":0,"comment_status":"closed","ping_status":"closed","template":"","meta":{"footnotes":""},"class_list":["post-2","page","type-page","status-publish","hentry"],"_links":{"self":[{"href":"https:\/\/libraclinic.pl\/index.php\/wp-json\/wp\/v2\/pages\/2","targetHints":{"allow":["GET"]}}],"collection":[{"href":"https:\/\/libraclinic.pl\/index.php\/wp-json\/wp\/v2\/pages"}],"about":[{"href":"https:\/\/libraclinic.pl\/index.php\/wp-json\/wp\/v2\/types\/page"}],"author":[{"embeddable":true,"href":"https:\/\/libraclinic.pl\/index.php\/wp-json\/wp\/v2\/users\/1"}],"replies":[{"embeddable":true,"href":"https:\/\/libraclinic.pl\/index.php\/wp-json\/wp\/v2\/comments?post=2"}],"version-history":[{"count":7,"href":"https:\/\/libraclinic.pl\/index.php\/wp-json\/wp\/v2\/pages\/2\/revisions"}],"predecessor-version":[{"id":649,"href":"https:\/\/libraclinic.pl\/index.php\/wp-json\/wp\/v2\/pages\/2\/revisions\/649"}],"wp:attachment":[{"href":"https:\/\/libraclinic.pl\/index.php\/wp-json\/wp\/v2\/media?parent=2"}],"curies":[{"name":"wp","href":"https:\/\/api.w.org\/{rel}","templated":true}]}}